{"id":108,"date":"2020-07-01T18:29:53","date_gmt":"2020-07-01T16:29:53","guid":{"rendered":"https:\/\/www.nicos-autoservice.de\/?page_id=108"},"modified":"2020-07-01T18:44:13","modified_gmt":"2020-07-01T16:44:13","slug":"au-hu-fuer-pkw-und-motorrad","status":"publish","type":"page","link":"https:\/\/www.nicos-autoservice.de\/?page_id=108","title":{"rendered":"AU \/ HU f\u00fcr PKW und Motorrad"},"content":{"rendered":"\n<p>Abgasuntersuchung und Hauptuntersuchung werden nach Absprache von uns an fast jedem Tag der Woche durchgef\u00fchrt. Die Untersuchungen erfolgen durch einen staatlich anerkannten Pr\u00fcfer.<br>Bitte vereinbaren Sie hierf\u00fcr vorab einen Termin mit uns<\/p>\n\n\n\n<p><strong>Sondereintragungen<\/strong><br>Um zu vermeiden, dass durch Tuningteile, wie z.B. Alufelgen, Fahrwerke, Sportkits usw., die Betriebserlaubnis des Fahrzeugs erlischt, m\u00fcssen nach \u00a719 oder \u00a7 21 StVO, diese Teile eingetragen werden.<br>Gerne f\u00fchren wir auch die Umbauten f\u00fcr Sie durch.<\/p>\n","protected":false},"excerpt":{"rendered":"<p>Abgasuntersuchung und Hauptuntersuchung werden nach Absprache von uns an fast jedem Tag der Woche durchgef\u00fchrt. Die Untersuchungen erfolgen durch einen staatlich anerkannten Pr\u00fcfer.Bitte vereinbaren Sie hierf\u00fcr vorab einen Termin mit uns SondereintragungenUm zu vermeiden, dass durch Tuningteile, wie z.B. Alufelgen, Fahrwerke, Sportkits usw., die Betriebserlaubnis des Fahrzeugs erlischt, m\u00fcssen nach \u00a719 oder \u00a7 21 StVO, &hellip; <\/p>\n<p class=\"link-more\"><a href=\"https:\/\/www.nicos-autoservice.de\/?page_id=108\" class=\"more-link\"><span class=\"screen-reader-text\">\u201eAU \/ HU f\u00fcr PKW und Motorrad\u201c <\/span>weiterlesen<\/a><\/p>\n","protected":false},"author":2,"featured_media":0,"parent":28,"menu_order":0,"comment_status":"closed","ping_status":"closed","template":"","meta":{"footnotes":""},"class_list":["post-108","page","type-page","status-publish","hentry"],"_links":{"self":[{"href":"https:\/\/www.nicos-autoservice.de\/index.php?rest_route=\/wp\/v2\/pages\/108","targetHints":{"allow":["GET"]}}],"collection":[{"href":"https:\/\/www.nicos-autoservice.de\/index.php?rest_route=\/wp\/v2\/pages"}],"about":[{"href":"https:\/\/www.nicos-autoservice.de\/index.php?rest_route=\/wp\/v2\/types\/page"}],"author":[{"embeddable":true,"href":"https:\/\/www.nicos-autoservice.de\/index.php?rest_route=\/wp\/v2\/users\/2"}],"replies":[{"embeddable":true,"href":"https:\/\/www.nicos-autoservice.de\/index.php?rest_route=%2Fwp%2Fv2%2Fcomments&post=108"}],"version-history":[{"count":2,"href":"https:\/\/www.nicos-autoservice.de\/index.php?rest_route=\/wp\/v2\/pages\/108\/revisions"}],"predecessor-version":[{"id":110,"href":"https:\/\/www.nicos-autoservice.de\/index.php?rest_route=\/wp\/v2\/pages\/108\/revisions\/110"}],"up":[{"embeddable":true,"href":"https:\/\/www.nicos-autoservice.de\/index.php?rest_route=\/wp\/v2\/pages\/28"}],"wp:attachment":[{"href":"https:\/\/www.nicos-autoservice.de\/index.php?rest_route=%2Fwp%2Fv2%2Fmedia&parent=108"}],"curies":[{"name":"wp","href":"https:\/\/api.w.org\/{rel}","templated":true}]}}