{"id":111,"date":"2020-07-01T18:40:35","date_gmt":"2020-07-01T16:40:35","guid":{"rendered":"https:\/\/www.nicos-autoservice.de\/?page_id=111"},"modified":"2020-07-01T18:55:58","modified_gmt":"2020-07-01T16:55:58","slug":"reifenservice","status":"publish","type":"page","link":"https:\/\/www.nicos-autoservice.de\/?page_id=111","title":{"rendered":"Reifenservice"},"content":{"rendered":"\n<p>Qualitativ hochwertige und griffige Reifen sind die Basis f\u00fcr das sichere fahren in der Stadt und auf dem Land. Passen Sie daher Ihr Fahrzeug der jeweiligen Jahreszeit an und denken Sie fr\u00fchzeitig an den Wechsel der Reifen.<br>In unserem Bereich Reifenservice finden Sie alle Leistungen rund um das Thema Reifen und R\u00e4der. Wir pr\u00fcfen Profiltiefe, Luftdruck und das Reifenalter. F\u00fcr unseren schnellen und zuverl\u00e4ssigen Reifenservice verf\u00fcgen wir \u00fcber neueste Montier- und Auswuchtger\u00e4te.<\/p>\n\n\n\n<p><strong><a href=\"https:\/\/www.nicos-autoservice.de\/?page_id=116\">Montage Sondergr\u00f6\u00dfen<\/a><\/strong><\/p>\n\n\n\n<p><strong><a href=\"https:\/\/www.nicos-autoservice.de\/?page_id=119\">Reifenmontage und Auswuchtung bis 24 Zoll<\/a><\/strong><\/p>\n\n\n\n<p><strong><a href=\"https:\/\/www.nicos-autoservice.de\/?page_id=122\">Rad- und Reifeneinlagerung<\/a><\/strong><\/p>\n","protected":false},"excerpt":{"rendered":"<p>Qualitativ hochwertige und griffige Reifen sind die Basis f\u00fcr das sichere fahren in der Stadt und auf dem Land. Passen Sie daher Ihr Fahrzeug der jeweiligen Jahreszeit an und denken Sie fr\u00fchzeitig an den Wechsel der Reifen.In unserem Bereich Reifenservice finden Sie alle Leistungen rund um das Thema Reifen und R\u00e4der. Wir pr\u00fcfen Profiltiefe, Luftdruck &hellip; <\/p>\n<p class=\"link-more\"><a href=\"https:\/\/www.nicos-autoservice.de\/?page_id=111\" class=\"more-link\"><span class=\"screen-reader-text\">\u201eReifenservice\u201c <\/span>weiterlesen<\/a><\/p>\n","protected":false},"author":2,"featured_media":0,"parent":28,"menu_order":0,"comment_status":"closed","ping_status":"closed","template":"","meta":{"footnotes":""},"class_list":["post-111","page","type-page","status-publish","hentry"],"_links":{"self":[{"href":"https:\/\/www.nicos-autoservice.de\/index.php?rest_route=\/wp\/v2\/pages\/111","targetHints":{"allow":["GET"]}}],"collection":[{"href":"https:\/\/www.nicos-autoservice.de\/index.php?rest_route=\/wp\/v2\/pages"}],"about":[{"href":"https:\/\/www.nicos-autoservice.de\/index.php?rest_route=\/wp\/v2\/types\/page"}],"author":[{"embeddable":true,"href":"https:\/\/www.nicos-autoservice.de\/index.php?rest_route=\/wp\/v2\/users\/2"}],"replies":[{"embeddable":true,"href":"https:\/\/www.nicos-autoservice.de\/index.php?rest_route=%2Fwp%2Fv2%2Fcomments&post=111"}],"version-history":[{"count":6,"href":"https:\/\/www.nicos-autoservice.de\/index.php?rest_route=\/wp\/v2\/pages\/111\/revisions"}],"predecessor-version":[{"id":126,"href":"https:\/\/www.nicos-autoservice.de\/index.php?rest_route=\/wp\/v2\/pages\/111\/revisions\/126"}],"up":[{"embeddable":true,"href":"https:\/\/www.nicos-autoservice.de\/index.php?rest_route=\/wp\/v2\/pages\/28"}],"wp:attachment":[{"href":"https:\/\/www.nicos-autoservice.de\/index.php?rest_route=%2Fwp%2Fv2%2Fmedia&parent=111"}],"curies":[{"name":"wp","href":"https:\/\/api.w.org\/{rel}","templated":true}]}}