{"id":116,"date":"2020-07-01T18:48:38","date_gmt":"2020-07-01T16:48:38","guid":{"rendered":"https:\/\/www.nicos-autoservice.de\/?page_id=116"},"modified":"2020-07-01T19:15:07","modified_gmt":"2020-07-01T17:15:07","slug":"montage-sondergroessen","status":"publish","type":"page","link":"https:\/\/www.nicos-autoservice.de\/?page_id=116","title":{"rendered":"Montage Sondergr\u00f6\u00dfen"},"content":{"rendered":"\n<p>Mit der neuen Reifenmontagemaschine und der Wuchtmaschine ist es nun m\u00f6glich bis zu 24-Zoll-R\u00e4der Reifen und auch Runflat-Reifen, die besonders armiert sind und Notlauf-Eigenschaften haben, im t\u00e4glichen Gesch\u00e4ft zu montieren.<\/p>\n","protected":false},"excerpt":{"rendered":"<p>Mit der neuen Reifenmontagemaschine und der Wuchtmaschine ist es nun m\u00f6glich bis zu 24-Zoll-R\u00e4der Reifen und auch Runflat-Reifen, die besonders armiert sind und Notlauf-Eigenschaften haben, im t\u00e4glichen Gesch\u00e4ft zu montieren.<\/p>\n","protected":false},"author":2,"featured_media":0,"parent":111,"menu_order":0,"comment_status":"closed","ping_status":"closed","template":"","meta":{"footnotes":""},"class_list":["post-116","page","type-page","status-publish","hentry"],"_links":{"self":[{"href":"https:\/\/www.nicos-autoservice.de\/index.php?rest_route=\/wp\/v2\/pages\/116","targetHints":{"allow":["GET"]}}],"collection":[{"href":"https:\/\/www.nicos-autoservice.de\/index.php?rest_route=\/wp\/v2\/pages"}],"about":[{"href":"https:\/\/www.nicos-autoservice.de\/index.php?rest_route=\/wp\/v2\/types\/page"}],"author":[{"embeddable":true,"href":"https:\/\/www.nicos-autoservice.de\/index.php?rest_route=\/wp\/v2\/users\/2"}],"replies":[{"embeddable":true,"href":"https:\/\/www.nicos-autoservice.de\/index.php?rest_route=%2Fwp%2Fv2%2Fcomments&post=116"}],"version-history":[{"count":1,"href":"https:\/\/www.nicos-autoservice.de\/index.php?rest_route=\/wp\/v2\/pages\/116\/revisions"}],"predecessor-version":[{"id":118,"href":"https:\/\/www.nicos-autoservice.de\/index.php?rest_route=\/wp\/v2\/pages\/116\/revisions\/118"}],"up":[{"embeddable":true,"href":"https:\/\/www.nicos-autoservice.de\/index.php?rest_route=\/wp\/v2\/pages\/111"}],"wp:attachment":[{"href":"https:\/\/www.nicos-autoservice.de\/index.php?rest_route=%2Fwp%2Fv2%2Fmedia&parent=116"}],"curies":[{"name":"wp","href":"https:\/\/api.w.org\/{rel}","templated":true}]}}