{"id":122,"date":"2020-07-01T18:53:42","date_gmt":"2020-07-01T16:53:42","guid":{"rendered":"https:\/\/www.nicos-autoservice.de\/?page_id=122"},"modified":"2020-07-01T19:15:13","modified_gmt":"2020-07-01T17:15:13","slug":"rad-und-reifeneinlagerung","status":"publish","type":"page","link":"https:\/\/www.nicos-autoservice.de\/?page_id=122","title":{"rendered":"Rad- und Reifeneinlagerung"},"content":{"rendered":"\n<p class=\"has-text-align-center\">Wohin mit den Sommerreifen im Winter?Wir lagern Ihre Sommerreifen \u00fcber den Winter<br>\u2013 oder Ihre Winterreifen im Sommer \u2026<br><br>Haben Sie keinen Platz in Keller und Garage oder m\u00f6chten sich im Fr\u00fchjahr und Herbst die Schlepperei der R\u00e4der ersparen?<br><br>Kein Problem. Wir \u00fcbernehmen gegen eine geringe Geb\u00fchr die fachgerechte Reifeneinlagerung unter optimalen Bedingungen. Selbstverst\u00e4ndlich wechseln wir auch die Reifen.<\/p>\n\n\n\n<p class=\"has-text-align-center\"><\/p>\n\n\n\n<p><\/p>\n\n\n\n<p><\/p>\n","protected":false},"excerpt":{"rendered":"<p>Wohin mit den Sommerreifen im Winter?Wir lagern Ihre Sommerreifen \u00fcber den Winter\u2013 oder Ihre Winterreifen im Sommer \u2026 Haben Sie keinen Platz in Keller und Garage oder m\u00f6chten sich im Fr\u00fchjahr und Herbst die Schlepperei der R\u00e4der ersparen? Kein Problem. Wir \u00fcbernehmen gegen eine geringe Geb\u00fchr die fachgerechte Reifeneinlagerung unter optimalen Bedingungen. Selbstverst\u00e4ndlich wechseln wir &hellip; <\/p>\n<p class=\"link-more\"><a href=\"https:\/\/www.nicos-autoservice.de\/?page_id=122\" class=\"more-link\"><span class=\"screen-reader-text\">\u201eRad- und Reifeneinlagerung\u201c <\/span>weiterlesen<\/a><\/p>\n","protected":false},"author":2,"featured_media":0,"parent":111,"menu_order":0,"comment_status":"closed","ping_status":"closed","template":"","meta":{"footnotes":""},"class_list":["post-122","page","type-page","status-publish","hentry"],"_links":{"self":[{"href":"https:\/\/www.nicos-autoservice.de\/index.php?rest_route=\/wp\/v2\/pages\/122","targetHints":{"allow":["GET"]}}],"collection":[{"href":"https:\/\/www.nicos-autoservice.de\/index.php?rest_route=\/wp\/v2\/pages"}],"about":[{"href":"https:\/\/www.nicos-autoservice.de\/index.php?rest_route=\/wp\/v2\/types\/page"}],"author":[{"embeddable":true,"href":"https:\/\/www.nicos-autoservice.de\/index.php?rest_route=\/wp\/v2\/users\/2"}],"replies":[{"embeddable":true,"href":"https:\/\/www.nicos-autoservice.de\/index.php?rest_route=%2Fwp%2Fv2%2Fcomments&post=122"}],"version-history":[{"count":1,"href":"https:\/\/www.nicos-autoservice.de\/index.php?rest_route=\/wp\/v2\/pages\/122\/revisions"}],"predecessor-version":[{"id":123,"href":"https:\/\/www.nicos-autoservice.de\/index.php?rest_route=\/wp\/v2\/pages\/122\/revisions\/123"}],"up":[{"embeddable":true,"href":"https:\/\/www.nicos-autoservice.de\/index.php?rest_route=\/wp\/v2\/pages\/111"}],"wp:attachment":[{"href":"https:\/\/www.nicos-autoservice.de\/index.php?rest_route=%2Fwp%2Fv2%2Fmedia&parent=122"}],"curies":[{"name":"wp","href":"https:\/\/api.w.org\/{rel}","templated":true}]}}