{"id":130,"date":"2020-07-01T18:59:56","date_gmt":"2020-07-01T16:59:56","guid":{"rendered":"https:\/\/www.nicos-autoservice.de\/?page_id=130"},"modified":"2020-07-01T19:13:09","modified_gmt":"2020-07-01T17:13:09","slug":"wartung-reparatur","status":"publish","type":"page","link":"https:\/\/www.nicos-autoservice.de\/?page_id=130","title":{"rendered":"Wartung &#038; Reparatur"},"content":{"rendered":"\n<p>Wir bieten Ihnen Wartungen und Reparaturen nach Herstellervorschrift mit Ersatz- und Wartungsteilen in Originalqualit\u00e4t. Da wir nach Herstellervorgaben arbeiten, bleiben bei Inspektionen die Gew\u00e4hrleistungsanspr\u00fcche Ihres Fahrzeuges erhalten. Das Zur\u00fcckstellen der Serviceanzeige und das Auslesen des Fehlercodes geh\u00f6ren ebenso zu unserem Wartungsumfang wie der obligatorische Nachweis im Serviceheft \u00fcber den durchgef\u00fchrten Kundendienst zum Werterhalt Ihres Fahrzeuges.<\/p>\n\n\n\n<p><strong><a href=\"https:\/\/www.nicos-autoservice.de\/?page_id=135\">Bremsen<\/a><\/strong><\/p>\n\n\n\n<p><strong><a href=\"https:\/\/www.nicos-autoservice.de\/?page_id=138\">\u00d6lservice<\/a><\/strong><\/p>\n\n\n\n<p><strong><a href=\"https:\/\/www.nicos-autoservice.de\/?page_id=141\">Klimaservice<\/a><\/strong><\/p>\n\n\n\n<p><strong><a href=\"https:\/\/www.nicos-autoservice.de\/?page_id=145\">Karosseriearbeiten<\/a><\/strong><\/p>\n\n\n\n<p><\/p>\n","protected":false},"excerpt":{"rendered":"<p>Wir bieten Ihnen Wartungen und Reparaturen nach Herstellervorschrift mit Ersatz- und Wartungsteilen in Originalqualit\u00e4t. Da wir nach Herstellervorgaben arbeiten, bleiben bei Inspektionen die Gew\u00e4hrleistungsanspr\u00fcche Ihres Fahrzeuges erhalten. Das Zur\u00fcckstellen der Serviceanzeige und das Auslesen des Fehlercodes geh\u00f6ren ebenso zu unserem Wartungsumfang wie der obligatorische Nachweis im Serviceheft \u00fcber den durchgef\u00fchrten Kundendienst zum Werterhalt Ihres Fahrzeuges. &hellip; <\/p>\n<p class=\"link-more\"><a href=\"https:\/\/www.nicos-autoservice.de\/?page_id=130\" class=\"more-link\"><span class=\"screen-reader-text\">\u201eWartung &#038; Reparatur\u201c <\/span>weiterlesen<\/a><\/p>\n","protected":false},"author":2,"featured_media":0,"parent":28,"menu_order":0,"comment_status":"closed","ping_status":"closed","template":"","meta":{"footnotes":""},"class_list":["post-130","page","type-page","status-publish","hentry"],"_links":{"self":[{"href":"https:\/\/www.nicos-autoservice.de\/index.php?rest_route=\/wp\/v2\/pages\/130","targetHints":{"allow":["GET"]}}],"collection":[{"href":"https:\/\/www.nicos-autoservice.de\/index.php?rest_route=\/wp\/v2\/pages"}],"about":[{"href":"https:\/\/www.nicos-autoservice.de\/index.php?rest_route=\/wp\/v2\/types\/page"}],"author":[{"embeddable":true,"href":"https:\/\/www.nicos-autoservice.de\/index.php?rest_route=\/wp\/v2\/users\/2"}],"replies":[{"embeddable":true,"href":"https:\/\/www.nicos-autoservice.de\/index.php?rest_route=%2Fwp%2Fv2%2Fcomments&post=130"}],"version-history":[{"count":5,"href":"https:\/\/www.nicos-autoservice.de\/index.php?rest_route=\/wp\/v2\/pages\/130\/revisions"}],"predecessor-version":[{"id":147,"href":"https:\/\/www.nicos-autoservice.de\/index.php?rest_route=\/wp\/v2\/pages\/130\/revisions\/147"}],"up":[{"embeddable":true,"href":"https:\/\/www.nicos-autoservice.de\/index.php?rest_route=\/wp\/v2\/pages\/28"}],"wp:attachment":[{"href":"https:\/\/www.nicos-autoservice.de\/index.php?rest_route=%2Fwp%2Fv2%2Fmedia&parent=130"}],"curies":[{"name":"wp","href":"https:\/\/api.w.org\/{rel}","templated":true}]}}