{"id":138,"date":"2020-07-01T19:04:16","date_gmt":"2020-07-01T17:04:16","guid":{"rendered":"https:\/\/www.nicos-autoservice.de\/?page_id=138"},"modified":"2020-07-03T16:30:02","modified_gmt":"2020-07-03T14:30:02","slug":"oelservice","status":"publish","type":"page","link":"https:\/\/www.nicos-autoservice.de\/?page_id=138","title":{"rendered":"\u00d6lservice"},"content":{"rendered":"\n<p>Regelm\u00e4\u00dfiger \u00d6lwechsel sorgt f\u00fcr ein langes Motorleben.<br>Wir verwenden Schmierstoffe vom f\u00fchrendem Markenhersteller Motul sowie Filter in Erstausr\u00fcsterqualit\u00e4t. <\/p>\n\n\n\n<p>Bei uns gibt es auch einen Premium \u00d6lwechsel. Wir reinigen das Innere Ihres Motors von Verkokungen und Ablagerungen. Dies erh\u00f6ht die Leistung und senkt den Kraftstoffverbrauch.<\/p>\n\n\n\n<div class=\"wp-block-image\"><figure class=\"aligncenter size-large is-resized\"><img loading=\"lazy\" decoding=\"async\" src=\"https:\/\/www.nicos-autoservice.de\/wp-content\/uploads\/2020\/07\/Motul-\u00d6lservice2-scaled.jpg\" alt=\"\" class=\"wp-image-253\" width=\"350\" height=\"524\" srcset=\"https:\/\/www.nicos-autoservice.de\/wp-content\/uploads\/2020\/07\/Motul-\u00d6lservice2-scaled.jpg 1707w, https:\/\/www.nicos-autoservice.de\/wp-content\/uploads\/2020\/07\/Motul-\u00d6lservice2-200x300.jpg 200w, https:\/\/www.nicos-autoservice.de\/wp-content\/uploads\/2020\/07\/Motul-\u00d6lservice2-1365x2048.jpg 1365w\" sizes=\"auto, (max-width: 350px) 100vw, 350px\" \/><\/figure><\/div>\n","protected":false},"excerpt":{"rendered":"<p>Regelm\u00e4\u00dfiger \u00d6lwechsel sorgt f\u00fcr ein langes Motorleben.Wir verwenden Schmierstoffe vom f\u00fchrendem Markenhersteller Motul sowie Filter in Erstausr\u00fcsterqualit\u00e4t. Bei uns gibt es auch einen Premium \u00d6lwechsel. Wir reinigen das Innere Ihres Motors von Verkokungen und Ablagerungen. Dies erh\u00f6ht die Leistung und senkt den Kraftstoffverbrauch.<\/p>\n","protected":false},"author":2,"featured_media":0,"parent":130,"menu_order":0,"comment_status":"closed","ping_status":"closed","template":"","meta":{"footnotes":""},"class_list":["post-138","page","type-page","status-publish","hentry"],"_links":{"self":[{"href":"https:\/\/www.nicos-autoservice.de\/index.php?rest_route=\/wp\/v2\/pages\/138","targetHints":{"allow":["GET"]}}],"collection":[{"href":"https:\/\/www.nicos-autoservice.de\/index.php?rest_route=\/wp\/v2\/pages"}],"about":[{"href":"https:\/\/www.nicos-autoservice.de\/index.php?rest_route=\/wp\/v2\/types\/page"}],"author":[{"embeddable":true,"href":"https:\/\/www.nicos-autoservice.de\/index.php?rest_route=\/wp\/v2\/users\/2"}],"replies":[{"embeddable":true,"href":"https:\/\/www.nicos-autoservice.de\/index.php?rest_route=%2Fwp%2Fv2%2Fcomments&post=138"}],"version-history":[{"count":6,"href":"https:\/\/www.nicos-autoservice.de\/index.php?rest_route=\/wp\/v2\/pages\/138\/revisions"}],"predecessor-version":[{"id":255,"href":"https:\/\/www.nicos-autoservice.de\/index.php?rest_route=\/wp\/v2\/pages\/138\/revisions\/255"}],"up":[{"embeddable":true,"href":"https:\/\/www.nicos-autoservice.de\/index.php?rest_route=\/wp\/v2\/pages\/130"}],"wp:attachment":[{"href":"https:\/\/www.nicos-autoservice.de\/index.php?rest_route=%2Fwp%2Fv2%2Fmedia&parent=138"}],"curies":[{"name":"wp","href":"https:\/\/api.w.org\/{rel}","templated":true}]}}