{"id":141,"date":"2020-07-01T19:10:48","date_gmt":"2020-07-01T17:10:48","guid":{"rendered":"https:\/\/www.nicos-autoservice.de\/?page_id=141"},"modified":"2020-07-01T19:14:36","modified_gmt":"2020-07-01T17:14:36","slug":"klimaservice","status":"publish","type":"page","link":"https:\/\/www.nicos-autoservice.de\/?page_id=141","title":{"rendered":"Klimaservice"},"content":{"rendered":"\n<p>Die Klimaanlage im Auto sollte regelm\u00e4\u00dfig gewartet werden, da innerhalb von 12 Monaten bis zu 10% der Fl\u00fcssigkeit aus dem System entweichen kann. Auch die Filter sollten gewechselt werden, um im Innenraum optimalen Schutz vor Pollen, Staub und Schmutz bieten zu k\u00f6nnen.<\/p>\n\n\n\n<ul class=\"wp-block-list\"><li>Klimawartung<\/li><li>Dichtigkeitspr\u00fcfung<\/li><li>Lecksuche<\/li><li>Klimabef\u00fcllung<\/li><\/ul>\n","protected":false},"excerpt":{"rendered":"<p>Die Klimaanlage im Auto sollte regelm\u00e4\u00dfig gewartet werden, da innerhalb von 12 Monaten bis zu 10% der Fl\u00fcssigkeit aus dem System entweichen kann. Auch die Filter sollten gewechselt werden, um im Innenraum optimalen Schutz vor Pollen, Staub und Schmutz bieten zu k\u00f6nnen. Klimawartung Dichtigkeitspr\u00fcfung Lecksuche Klimabef\u00fcllung<\/p>\n","protected":false},"author":2,"featured_media":0,"parent":130,"menu_order":0,"comment_status":"closed","ping_status":"closed","template":"","meta":{"footnotes":""},"class_list":["post-141","page","type-page","status-publish","hentry"],"_links":{"self":[{"href":"https:\/\/www.nicos-autoservice.de\/index.php?rest_route=\/wp\/v2\/pages\/141","targetHints":{"allow":["GET"]}}],"collection":[{"href":"https:\/\/www.nicos-autoservice.de\/index.php?rest_route=\/wp\/v2\/pages"}],"about":[{"href":"https:\/\/www.nicos-autoservice.de\/index.php?rest_route=\/wp\/v2\/types\/page"}],"author":[{"embeddable":true,"href":"https:\/\/www.nicos-autoservice.de\/index.php?rest_route=\/wp\/v2\/users\/2"}],"replies":[{"embeddable":true,"href":"https:\/\/www.nicos-autoservice.de\/index.php?rest_route=%2Fwp%2Fv2%2Fcomments&post=141"}],"version-history":[{"count":1,"href":"https:\/\/www.nicos-autoservice.de\/index.php?rest_route=\/wp\/v2\/pages\/141\/revisions"}],"predecessor-version":[{"id":142,"href":"https:\/\/www.nicos-autoservice.de\/index.php?rest_route=\/wp\/v2\/pages\/141\/revisions\/142"}],"up":[{"embeddable":true,"href":"https:\/\/www.nicos-autoservice.de\/index.php?rest_route=\/wp\/v2\/pages\/130"}],"wp:attachment":[{"href":"https:\/\/www.nicos-autoservice.de\/index.php?rest_route=%2Fwp%2Fv2%2Fmedia&parent=141"}],"curies":[{"name":"wp","href":"https:\/\/api.w.org\/{rel}","templated":true}]}}