{"id":178,"date":"2020-07-01T19:50:20","date_gmt":"2020-07-01T17:50:20","guid":{"rendered":"https:\/\/www.nicos-autoservice.de\/?page_id=178"},"modified":"2022-10-31T13:56:50","modified_gmt":"2022-10-31T11:56:50","slug":"werkstatt-ersatzwagen","status":"publish","type":"page","link":"https:\/\/www.nicos-autoservice.de\/?page_id=178","title":{"rendered":"Werkstatt Ersatzwagen"},"content":{"rendered":"\n<p>Bleiben Sie ohne Zeit- und Terminstress mobil!<br>Damit Sie Ihre Termine ganz ohne Stress erledigen k\u00f6nnen, stellen wir Ihnen w\u00e4hrend der Reparatur oder Wartung Ihres Fahrzeuges einen Werkstatt Ersatzwagen zur Verf\u00fcgung.<\/p>\n\n\n\n<figure class=\"wp-block-gallery has-nested-images columns-default is-cropped wp-block-gallery-1 is-layout-flex wp-block-gallery-is-layout-flex\">\n<figure class=\"wp-block-image size-large\"><img loading=\"lazy\" decoding=\"async\" width=\"1024\" height=\"491\" data-id=\"514\" src=\"https:\/\/www.nicos-autoservice.de\/wp-content\/uploads\/2022\/10\/IMG_0917-1-1024x491.jpg\" alt=\"\" class=\"wp-image-514\" srcset=\"https:\/\/www.nicos-autoservice.de\/wp-content\/uploads\/2022\/10\/IMG_0917-1-1024x491.jpg 1024w, https:\/\/www.nicos-autoservice.de\/wp-content\/uploads\/2022\/10\/IMG_0917-1-300x144.jpg 300w, https:\/\/www.nicos-autoservice.de\/wp-content\/uploads\/2022\/10\/IMG_0917-1-768x369.jpg 768w, https:\/\/www.nicos-autoservice.de\/wp-content\/uploads\/2022\/10\/IMG_0917-1-1536x737.jpg 1536w, https:\/\/www.nicos-autoservice.de\/wp-content\/uploads\/2022\/10\/IMG_0917-1-2048x983.jpg 2048w\" sizes=\"auto, (max-width: 767px) 89vw, (max-width: 1000px) 54vw, (max-width: 1071px) 543px, 580px\" \/><\/figure>\n<\/figure>\n\n\n\n<figure class=\"wp-block-gallery has-nested-images columns-default is-cropped wp-block-gallery-2 is-layout-flex wp-block-gallery-is-layout-flex\">\n<figure class=\"wp-block-image size-large\"><img loading=\"lazy\" decoding=\"async\" width=\"1024\" height=\"859\" data-id=\"517\" src=\"https:\/\/www.nicos-autoservice.de\/wp-content\/uploads\/2022\/10\/IMG_0916-2-1024x859.jpg\" alt=\"\" class=\"wp-image-517\" srcset=\"https:\/\/www.nicos-autoservice.de\/wp-content\/uploads\/2022\/10\/IMG_0916-2-1024x859.jpg 1024w, https:\/\/www.nicos-autoservice.de\/wp-content\/uploads\/2022\/10\/IMG_0916-2-300x252.jpg 300w, https:\/\/www.nicos-autoservice.de\/wp-content\/uploads\/2022\/10\/IMG_0916-2-768x645.jpg 768w, https:\/\/www.nicos-autoservice.de\/wp-content\/uploads\/2022\/10\/IMG_0916-2-1536x1289.jpg 1536w, https:\/\/www.nicos-autoservice.de\/wp-content\/uploads\/2022\/10\/IMG_0916-2-2048x1719.jpg 2048w\" sizes=\"auto, (max-width: 767px) 89vw, (max-width: 1000px) 54vw, (max-width: 1071px) 543px, 580px\" \/><\/figure>\n\n\n\n<figure class=\"wp-block-image size-large\"><img loading=\"lazy\" decoding=\"async\" width=\"1024\" height=\"988\" data-id=\"516\" src=\"https:\/\/www.nicos-autoservice.de\/wp-content\/uploads\/2022\/10\/IMG_0918-1-1024x988.jpg\" alt=\"\" class=\"wp-image-516\" srcset=\"https:\/\/www.nicos-autoservice.de\/wp-content\/uploads\/2022\/10\/IMG_0918-1-1024x988.jpg 1024w, https:\/\/www.nicos-autoservice.de\/wp-content\/uploads\/2022\/10\/IMG_0918-1-300x289.jpg 300w, https:\/\/www.nicos-autoservice.de\/wp-content\/uploads\/2022\/10\/IMG_0918-1-768x741.jpg 768w, https:\/\/www.nicos-autoservice.de\/wp-content\/uploads\/2022\/10\/IMG_0918-1-1536x1481.jpg 1536w, https:\/\/www.nicos-autoservice.de\/wp-content\/uploads\/2022\/10\/IMG_0918-1-2048x1975.jpg 2048w\" sizes=\"auto, (max-width: 767px) 89vw, (max-width: 1000px) 54vw, (max-width: 1071px) 543px, 580px\" \/><\/figure>\n<\/figure>\n","protected":false},"excerpt":{"rendered":"<p>Bleiben Sie ohne Zeit- und Terminstress mobil!Damit Sie Ihre Termine ganz ohne Stress erledigen k\u00f6nnen, stellen wir Ihnen w\u00e4hrend der Reparatur oder Wartung Ihres Fahrzeuges einen Werkstatt Ersatzwagen zur Verf\u00fcgung.<\/p>\n","protected":false},"author":2,"featured_media":0,"parent":28,"menu_order":0,"comment_status":"closed","ping_status":"closed","template":"","meta":{"footnotes":""},"class_list":["post-178","page","type-page","status-publish","hentry"],"_links":{"self":[{"href":"https:\/\/www.nicos-autoservice.de\/index.php?rest_route=\/wp\/v2\/pages\/178","targetHints":{"allow":["GET"]}}],"collection":[{"href":"https:\/\/www.nicos-autoservice.de\/index.php?rest_route=\/wp\/v2\/pages"}],"about":[{"href":"https:\/\/www.nicos-autoservice.de\/index.php?rest_route=\/wp\/v2\/types\/page"}],"author":[{"embeddable":true,"href":"https:\/\/www.nicos-autoservice.de\/index.php?rest_route=\/wp\/v2\/users\/2"}],"replies":[{"embeddable":true,"href":"https:\/\/www.nicos-autoservice.de\/index.php?rest_route=%2Fwp%2Fv2%2Fcomments&post=178"}],"version-history":[{"count":4,"href":"https:\/\/www.nicos-autoservice.de\/index.php?rest_route=\/wp\/v2\/pages\/178\/revisions"}],"predecessor-version":[{"id":518,"href":"https:\/\/www.nicos-autoservice.de\/index.php?rest_route=\/wp\/v2\/pages\/178\/revisions\/518"}],"up":[{"embeddable":true,"href":"https:\/\/www.nicos-autoservice.de\/index.php?rest_route=\/wp\/v2\/pages\/28"}],"wp:attachment":[{"href":"https:\/\/www.nicos-autoservice.de\/index.php?rest_route=%2Fwp%2Fv2%2Fmedia&parent=178"}],"curies":[{"name":"wp","href":"https:\/\/api.w.org\/{rel}","templated":true}]}}