{"id":30,"date":"2020-05-04T22:04:40","date_gmt":"2020-05-04T20:04:40","guid":{"rendered":"https:\/\/www.nicos-autoservice.de\/?page_id=30"},"modified":"2025-02-05T16:45:19","modified_gmt":"2025-02-05T14:45:19","slug":"karriere","status":"publish","type":"page","link":"https:\/\/www.nicos-autoservice.de\/?page_id=30","title":{"rendered":"Karriere"},"content":{"rendered":"\n<p>Das Fahrzeug- und KFZ Gewerbe ist ein sich st\u00e4ndig ver\u00e4ndernder und gleichzeitig wachsender Markt. Wir sind daher auf der Suche nach motivierten, hoch qualifizierten neuen Mitarbeitern und Auszubildenden.<br>Die vielf\u00e4ltigen und anspruchsvollen T\u00e4tigkeits- und Aufgabengebiete in unserem Unternehmen haben Ihr Interesse geweckt und Sie sind auf der Suche nach einer neuen beruflichen Herausforderung?<br>Dann schauen Sie doch mal bei unseren Stellenangeboten rein. Vielleicht k\u00f6nnen wir Sie schon bald als Mitarbeiter oder Auszubildenden bei uns begr\u00fc\u00dfen!<\/p>\n\n\n\n<p><strong>Stellenanzeigen\/Mitarbeiter<\/strong><\/p>\n\n\n\n<div data-wp-interactive=\"core\/file\" class=\"wp-block-file\"><object data-wp-bind--hidden=\"!state.hasPdfPreview\" hidden class=\"wp-block-file__embed\" data=\"https:\/\/www.nicos-autoservice.de\/wp-content\/uploads\/2025\/02\/Stellenanzeige_2025.pdf\" type=\"application\/pdf\" style=\"width:100%;height:600px\" aria-label=\"Einbettung von Stellenanzeige_2025.\"><\/object><a id=\"wp-block-file--media-d03dec24-9360-4641-880e-9858aa755b5c\" href=\"https:\/\/www.nicos-autoservice.de\/wp-content\/uploads\/2025\/02\/Stellenanzeige_2025.pdf\">Stellenanzeige_2025<\/a><a href=\"https:\/\/www.nicos-autoservice.de\/wp-content\/uploads\/2025\/02\/Stellenanzeige_2025.pdf\" class=\"wp-block-file__button wp-element-button\" download aria-describedby=\"wp-block-file--media-d03dec24-9360-4641-880e-9858aa755b5c\">Herunterladen<\/a><\/div>\n\n\n\n<h2 class=\"wp-block-heading\"><strong>Ausbildung<\/strong><\/h2>\n\n\n\n<p>Voraussichtlich wird ab dem Schuljahr 2025\/26 ein Ausbildungsplatz angeboten.<\/p>\n\n\n\n<p><strong>Praktikum<\/strong><\/p>\n\n\n\n<p>Sie haben handwerkliches Geschick, technisches Interesse, k\u00f6nnen gut sehen und h\u00f6ren, sind zuverl\u00e4ssig und arbeiten genau &#8211; dann lernen Sie den Beruf kennen und sammeln erste Erfahrungen. Sie k\u00f6nnen sich einfach mal ausprobieren!<br>Entscheidend f\u00fcr unsere Wahl: Die Praktikanten interessieren sich f\u00fcr die automobile Welt und sind motiviert !<br>Wir bieten fast immer die M\u00f6glichkeit, ein Schnupper-\/ Betriebspraktikum bei uns zu durchzuf\u00fchren. Es ist selbstverst\u00e4ndlich, dass unsere Praktikanten einen festen Platz im Team haben.<br>Hier lernen Sie verschiedene T\u00e4tigkeiten kennen, sind bei Wartungsarbeiten aktiv dabei oder helfen beim Wechseln von Sto\u00dfd\u00e4mpfern oder Kupplungen.<br>&#8222;Sie sollen schmutzige H\u00e4nde bekommen!&#8220;<br>Und wer w\u00e4hrend der Praktikumszeit und in den Gespr\u00e4chen einen guten Eindruck macht, h\u00e4tte die Chance auf einen Ausbildungs- bzw.  Arbeitsplatz.<\/p>\n\n\n\n<p>Bitte senden Sie Ihre Bewerbungsunterlagen (Anschreiben inkl. Lebenslauf, Zeugnisse etc.) per Post an folgende Adresse:<\/p>\n\n\n\n<p>Nico\u00b4s Autoservice<br>Inh. Frank Vollmann<br>Wallstra\u00dfe 6<br>16321 Bernau<\/p>\n\n\n\n<p>oder kommen Sie einfach pers\u00f6nlich vorbei.<\/p>\n","protected":false},"excerpt":{"rendered":"<p>Das Fahrzeug- und KFZ Gewerbe ist ein sich st\u00e4ndig ver\u00e4ndernder und gleichzeitig wachsender Markt. Wir sind daher auf der Suche nach motivierten, hoch qualifizierten neuen Mitarbeitern und Auszubildenden.Die vielf\u00e4ltigen und anspruchsvollen T\u00e4tigkeits- und Aufgabengebiete in unserem Unternehmen haben Ihr Interesse geweckt und Sie sind auf der Suche nach einer neuen beruflichen Herausforderung?Dann schauen Sie doch &hellip; <\/p>\n<p class=\"link-more\"><a href=\"https:\/\/www.nicos-autoservice.de\/?page_id=30\" class=\"more-link\"><span class=\"screen-reader-text\">\u201eKarriere\u201c <\/span>weiterlesen<\/a><\/p>\n","protected":false},"author":1,"featured_media":0,"parent":0,"menu_order":0,"comment_status":"closed","ping_status":"closed","template":"","meta":{"footnotes":""},"class_list":["post-30","page","type-page","status-publish","hentry"],"_links":{"self":[{"href":"https:\/\/www.nicos-autoservice.de\/index.php?rest_route=\/wp\/v2\/pages\/30","targetHints":{"allow":["GET"]}}],"collection":[{"href":"https:\/\/www.nicos-autoservice.de\/index.php?rest_route=\/wp\/v2\/pages"}],"about":[{"href":"https:\/\/www.nicos-autoservice.de\/index.php?rest_route=\/wp\/v2\/types\/page"}],"author":[{"embeddable":true,"href":"https:\/\/www.nicos-autoservice.de\/index.php?rest_route=\/wp\/v2\/users\/1"}],"replies":[{"embeddable":true,"href":"https:\/\/www.nicos-autoservice.de\/index.php?rest_route=%2Fwp%2Fv2%2Fcomments&post=30"}],"version-history":[{"count":29,"href":"https:\/\/www.nicos-autoservice.de\/index.php?rest_route=\/wp\/v2\/pages\/30\/revisions"}],"predecessor-version":[{"id":592,"href":"https:\/\/www.nicos-autoservice.de\/index.php?rest_route=\/wp\/v2\/pages\/30\/revisions\/592"}],"wp:attachment":[{"href":"https:\/\/www.nicos-autoservice.de\/index.php?rest_route=%2Fwp%2Fv2%2Fmedia&parent=30"}],"curies":[{"name":"wp","href":"https:\/\/api.w.org\/{rel}","templated":true}]}}