{"id":483,"date":"2022-10-31T13:00:36","date_gmt":"2022-10-31T11:00:36","guid":{"rendered":"https:\/\/www.nicos-autoservice.de\/?page_id=483"},"modified":"2022-10-31T13:00:36","modified_gmt":"2022-10-31T11:00:36","slug":"motul-performance-service","status":"publish","type":"page","link":"https:\/\/www.nicos-autoservice.de\/?page_id=483","title":{"rendered":"Motul Performance Service"},"content":{"rendered":"\n<p>Bei modernen Verbrennungsmotoren sorgen Abgase und Kraftstoffr\u00fcckst\u00e4nde verschmutzte Einlasssysteme mit verstopften Injektoren und Einspritzd\u00fcsen. Vor allem bei Benzindirekteinspritzer- und Dieselmotoren mit Common-Rail-Technologie treten diese Probleme vermehrt auf. Eine geringe Motorleistung und ein erh\u00f6hter Kraftstoffverbrauch sind meist die Folge. Das Motul Inject 3 in 1 System s\u00e4ubert effektiv verschmutzte Kraftstoff- und Luftansaugsysteme und wirkt einer neuen Ablagerung effizient entgegen. Die speziellen Additive, reinigen effizient ohne, dass Fahrzeugkomponenten wie beispielsweise Einlassventile oder der Ru\u00dfpartikelfilter demontiert werden m\u00fcssen.<\/p>\n\n\n\n<ul class=\"wp-block-list\"><li><a href=\"https:\/\/www.nicos-autoservice.de\/?page_id=491\">Vorteile einer KRAFTSTOFF-SYSTEMREINIGUNG<\/a><\/li><li><a href=\"https:\/\/www.nicos-autoservice.de\/?page_id=493\">Vorteile einer ANSAUGSYSTEM-REINIGUNG<\/a><\/li><li><a href=\"https:\/\/www.nicos-autoservice.de\/?page_id=495\">Vorteile einer DIESELPARTIKELFILTER-REINIGUNG<\/a><\/li><\/ul>\n\n\n\n<figure class=\"wp-block-image size-full\"><img loading=\"lazy\" decoding=\"async\" width=\"911\" height=\"612\" src=\"https:\/\/www.nicos-autoservice.de\/wp-content\/uploads\/2022\/10\/Motul-3in1.jpg\" alt=\"\" class=\"wp-image-487\" srcset=\"https:\/\/www.nicos-autoservice.de\/wp-content\/uploads\/2022\/10\/Motul-3in1.jpg 911w, https:\/\/www.nicos-autoservice.de\/wp-content\/uploads\/2022\/10\/Motul-3in1-300x202.jpg 300w, https:\/\/www.nicos-autoservice.de\/wp-content\/uploads\/2022\/10\/Motul-3in1-768x516.jpg 768w\" sizes=\"auto, (max-width: 767px) 89vw, (max-width: 1000px) 54vw, (max-width: 1071px) 543px, 580px\" \/><\/figure>\n","protected":false},"excerpt":{"rendered":"<p>Bei modernen Verbrennungsmotoren sorgen Abgase und Kraftstoffr\u00fcckst\u00e4nde verschmutzte Einlasssysteme mit verstopften Injektoren und Einspritzd\u00fcsen. Vor allem bei Benzindirekteinspritzer- und Dieselmotoren mit Common-Rail-Technologie treten diese Probleme vermehrt auf. Eine geringe Motorleistung und ein erh\u00f6hter Kraftstoffverbrauch sind meist die Folge. Das Motul Inject 3 in 1 System s\u00e4ubert effektiv verschmutzte Kraftstoff- und Luftansaugsysteme und wirkt einer neuen &hellip; <\/p>\n<p class=\"link-more\"><a href=\"https:\/\/www.nicos-autoservice.de\/?page_id=483\" class=\"more-link\"><span class=\"screen-reader-text\">\u201eMotul Performance Service\u201c <\/span>weiterlesen<\/a><\/p>\n","protected":false},"author":2,"featured_media":0,"parent":149,"menu_order":0,"comment_status":"closed","ping_status":"closed","template":"","meta":{"footnotes":""},"class_list":["post-483","page","type-page","status-publish","hentry"],"_links":{"self":[{"href":"https:\/\/www.nicos-autoservice.de\/index.php?rest_route=\/wp\/v2\/pages\/483","targetHints":{"allow":["GET"]}}],"collection":[{"href":"https:\/\/www.nicos-autoservice.de\/index.php?rest_route=\/wp\/v2\/pages"}],"about":[{"href":"https:\/\/www.nicos-autoservice.de\/index.php?rest_route=\/wp\/v2\/types\/page"}],"author":[{"embeddable":true,"href":"https:\/\/www.nicos-autoservice.de\/index.php?rest_route=\/wp\/v2\/users\/2"}],"replies":[{"embeddable":true,"href":"https:\/\/www.nicos-autoservice.de\/index.php?rest_route=%2Fwp%2Fv2%2Fcomments&post=483"}],"version-history":[{"count":4,"href":"https:\/\/www.nicos-autoservice.de\/index.php?rest_route=\/wp\/v2\/pages\/483\/revisions"}],"predecessor-version":[{"id":497,"href":"https:\/\/www.nicos-autoservice.de\/index.php?rest_route=\/wp\/v2\/pages\/483\/revisions\/497"}],"up":[{"embeddable":true,"href":"https:\/\/www.nicos-autoservice.de\/index.php?rest_route=\/wp\/v2\/pages\/149"}],"wp:attachment":[{"href":"https:\/\/www.nicos-autoservice.de\/index.php?rest_route=%2Fwp%2Fv2%2Fmedia&parent=483"}],"curies":[{"name":"wp","href":"https:\/\/api.w.org\/{rel}","templated":true}]}}