{"id":491,"date":"2022-10-31T13:01:22","date_gmt":"2022-10-31T11:01:22","guid":{"rendered":"https:\/\/www.nicos-autoservice.de\/?page_id=491"},"modified":"2022-10-31T13:01:22","modified_gmt":"2022-10-31T11:01:22","slug":"vorteile-einer-kraftstoff-systemreinigung","status":"publish","type":"page","link":"https:\/\/www.nicos-autoservice.de\/?page_id=491","title":{"rendered":"Vorteile einer KRAFTSTOFF-SYSTEMREINIGUNG"},"content":{"rendered":"\n<p><strong>Verl\u00e4ngerte Lebensdauer des Motors<\/strong><br>Das gereinigte Kraftstoffsystem arbeitet wirtschaftlich&nbsp;und verl\u00e4ngert die Lebensdauer der Injektoren.<\/p>\n\n\n\n<p><strong>Verbesserter Motorlauf<\/strong><br>St\u00f6rende Verunreinigungen und Verkorkungen im&nbsp;Kraftstoffsystem werden beseitigt<\/p>\n\n\n\n<p><strong>Kraftstoffeinsparung durch effiziente Kraftstoffverbrennung&nbsp;<\/strong><br><br><strong>Geringere Reparaturkosten<\/strong><br>Teure Komponenten werden vor Verschlei\u00df besser gesch\u00fctzt.<\/p>\n\n\n\n<p><strong>Verbesserte Umweltvertr\u00e4glichkeit<\/strong>&nbsp;durch Senkung der Schadstoffemissionen.<\/p>\n","protected":false},"excerpt":{"rendered":"<p>Verl\u00e4ngerte Lebensdauer des MotorsDas gereinigte Kraftstoffsystem arbeitet wirtschaftlich&nbsp;und verl\u00e4ngert die Lebensdauer der Injektoren. Verbesserter MotorlaufSt\u00f6rende Verunreinigungen und Verkorkungen im&nbsp;Kraftstoffsystem werden beseitigt Kraftstoffeinsparung durch effiziente Kraftstoffverbrennung&nbsp; Geringere ReparaturkostenTeure Komponenten werden vor Verschlei\u00df besser gesch\u00fctzt. Verbesserte Umweltvertr\u00e4glichkeit&nbsp;durch Senkung der Schadstoffemissionen.<\/p>\n","protected":false},"author":2,"featured_media":0,"parent":0,"menu_order":0,"comment_status":"closed","ping_status":"closed","template":"","meta":{"footnotes":""},"class_list":["post-491","page","type-page","status-publish","hentry"],"_links":{"self":[{"href":"https:\/\/www.nicos-autoservice.de\/index.php?rest_route=\/wp\/v2\/pages\/491","targetHints":{"allow":["GET"]}}],"collection":[{"href":"https:\/\/www.nicos-autoservice.de\/index.php?rest_route=\/wp\/v2\/pages"}],"about":[{"href":"https:\/\/www.nicos-autoservice.de\/index.php?rest_route=\/wp\/v2\/types\/page"}],"author":[{"embeddable":true,"href":"https:\/\/www.nicos-autoservice.de\/index.php?rest_route=\/wp\/v2\/users\/2"}],"replies":[{"embeddable":true,"href":"https:\/\/www.nicos-autoservice.de\/index.php?rest_route=%2Fwp%2Fv2%2Fcomments&post=491"}],"version-history":[{"count":1,"href":"https:\/\/www.nicos-autoservice.de\/index.php?rest_route=\/wp\/v2\/pages\/491\/revisions"}],"predecessor-version":[{"id":492,"href":"https:\/\/www.nicos-autoservice.de\/index.php?rest_route=\/wp\/v2\/pages\/491\/revisions\/492"}],"wp:attachment":[{"href":"https:\/\/www.nicos-autoservice.de\/index.php?rest_route=%2Fwp%2Fv2%2Fmedia&parent=491"}],"curies":[{"name":"wp","href":"https:\/\/api.w.org\/{rel}","templated":true}]}}